{"id":6,"date":"2019-10-15T17:01:16","date_gmt":"2019-10-15T15:01:16","guid":{"rendered":"https:\/\/studioamministrativobossa.it\/?page_id=6"},"modified":"2026-03-23T09:28:07","modified_gmt":"2026-03-23T08:28:07","slug":"mesmerize-pro","status":"publish","type":"page","link":"https:\/\/studioamministrativobossa.it\/","title":{"rendered":"Front Page"},"content":{"rendered":"<div  data-label=\"Chi siamo\" data-id=\"about--1\" data-export-id=\"about-10\" data-category=\"about\" class=\"about-10 content-section content-section-spacing\" id=\"chi-siamo\" style=\"background-color: rgb(255, 255, 255); background-image: none;\"><div  class=\"gridContainer\"> <div  class=\"row middle-sm text-center\"><div  class=\"col-sm-5 space-bottom-xs content-column\" data-type=\"column\"> <h5  class=\"\">CHI SIAMO<\/h5> <h2  class=\"\">STUDIO ING. BOSSA<\/h2> <p  class=\"\" style=\"text-align: left;\">Lo <span  style=\"font-weight: 700;\">Studio Bossa<\/span> vanta un\u2019<span  style=\"font-weight: 700;\">esperienza trentennale<\/span> nel settore dell\u2019<span  style=\"font-weight: 700;\">amministrazione condominiale<\/span>. Partito come piccola realt\u00e0, grazie al \u201cpassaparola\u201d ed ai risultati, lo Studio gestisce con successo pi\u00f9 di trenta condom\u00ecni. Oltre alla massima disponibilit\u00e0 verso cond\u00f2mini e consiglieri, lo Studio si distingue per una <span  style=\"font-weight: 700;\">presenza costante<\/span> dell\u2019amministratore, il quale effettua in prima persona i sopralluoghi tecnici condominiali. Ci\u00f2 rende l\u2019amministratore sempre aggiornato e, quindi, in grado di <span  style=\"font-weight: 700;\">fornire tutte le risposte<\/span> necessarie in sede di assemblea. Tutti i consiglieri, inoltre, possono usufruire di una linea diretta con l\u2019amministratore per ogni evenienza straordinaria. Grazie alla collaborazione di tecnici e, all\u2019interno dello Studio, di un architetto e di un geometra, lo Studio Bossa esprime una forte <span  style=\"font-weight: 700;\">competenza in materia tecnica e di ingegneria civile<\/span> e, dunque, segue piccoli e grandi lavori.<\/p> <\/div> <div  class=\"col-sm-7 flexbox middle-xs center-xs space-bottom-xs\"><div  class=\"overlay-box middle-xs center-xs flexbox\"> <div  class=\"overlay-box-offset offset-border shadow-medium border-color1 hide-xs\"><\/div> <img decoding=\"async\"  class=\"shadow-large\" data-size=\"485x705\" src=\"https:\/\/studioamministrativobossa.it\/wp-content\/uploads\/2020\/10\/IMG-7364.jpg\" alt=\"\" title=\"IMG-7364\"><\/div> <\/div><\/div> <\/div><\/div><div  id=\"cta-1\" data-label=\"Cta\" data-id=\"cta-blue-section\" data-export-id=\"cta-blue-section\" data-category=\"cta\" class=\"cta-blue-section content-section content-section-spacing-medium bg-color1 white-text\" style=\"background-image: none; background-color: rgb(255, 152, 0);\"><div  class=\"gridContainer\"> <div  class=\"row middle-xs\"><div  class=\"col-sm-8 space-bottom-xs\" data-type=\"column\">  <h3  class=\"\">Hai una domanda? Scrivici e troverai la risposta.<\/h3><\/div> <div  class=\"col-sm-4 end-sm\" data-type=\"column\"> <a  class=\"button color1\" href=\"https:\/\/studioamministrativobossa.it\/#contatti\" target=\"_blank\" data-cp-link=\"1\" data-icon=\"\" rel=\"noopener noreferrer\">CONTATTACI<\/a><\/div> <\/div><\/div> <\/div><div  data-label=\"I nostri servizi\" data-id=\"features--1\" data-export-id=\"features-13-card-bordered\" data-category=\"features\" class=\"features-13 content-section content-section-spacing\" id=\"i-nostri-servizi\" style=\"background-color: rgb(245, 250, 253);\"><div  class=\"gridContainer\"> <div  class=\"row text-center\"><div  class=\"section-title-col\" data-type=\"column\"> <h2  class=\"\">I nostri servizi\n<\/h2> <p  class=\"lead\">Lo Studio offre una gestione integrale in grado di soddisfare tutte le incombenze condominiali dal punto di vista amministrativo e contabile.<\/p><\/div> <\/div> <div  class=\"row spaced-cols content-center-sm\" data-type=\"row\"> <div  class=\"col-sm-4\"> <div  class=\"card bordered y-move\" data-type=\"column\"> <i  class=\"fa icon fa-calendar-check-o reverse round big color1\"><\/i> <h4  class=\"\">AMMINISTRAZIONE CONDOMINIALE<\/h4> <p  class=\"\">Gestione a 360\u00b0: redazione bilanci, resoconti, riparto spese in base alle tabelle millesimali e riscossione delle quote. Disponiamo dei migliori e pi\u00f9 recenti programmi gestionali in grado di offrire trasparenza, puntualit\u00e0 e totale rispetto della privacy.\n<\/p> <a  class=\"button y-move small color2\" href=\"https:\/\/studioamministrativobossa.it\/#contatti\" target=\"_blank\" data-cp-link=\"1\" data-icon=\"\" rel=\"noopener noreferrer\">CONTATTACI<\/a><\/div> <\/div> <div  class=\"col-sm-4\"> <div  class=\"card bordered y-move\" data-type=\"column\"> <i  class=\"fa icon fa-clipboard reverse round big color1\"><\/i> <h4  class=\"\">BACHECA\n<br >CONDOMINIALE<\/h4> <p  class=\"\" style=\"text-align: center;\">Grazie alla gestione informatizzata, \u00e8 possibile reperire immediatamente e comodamente tutti i documenti e i dati a cui sono interessati. Accedi alla bacheca condominiale per visualizzare i documenti e gli avvisi del tuo condominio.<\/p> <a  class=\"button y-move small color2\" href=\"https:\/\/archicond.azurewebsites.net\/Account\/Login\" target=\"_blank\" data-cp-link=\"1\" data-icon=\"\" rel=\"noopener noreferrer\">BACHECA CONDOMINIALE<\/a><\/div> <\/div> <div  class=\"col-sm-4\"> <div  class=\"card bordered y-move\" data-type=\"column\"> <i  class=\"fa icon fa-lock reverse round big color1\"><\/i> <h4  class=\"\">PRIVACY\n<br >CONDOMINIALE<\/h4> <p  class=\"\">I dati personali sono sempre al sicuro, grazie alla gestione della privacy condominiale effettuata tramite applicativi efficienti e sicuri. Accedi all\u2019area privacy condominiale per poter scaricare l\u2019informativa condominiale.\n<br ><br >\n\n<\/p> <a  class=\"button y-move small color2\" href=\"https:\/\/archicond.azurewebsites.net\/public\" target=\"_blank\" data-cp-link=\"1\" data-icon=\"\" rel=\"noopener noreferrer\">PRIVACY CONDOMINIALE<\/a><\/div> <\/div><\/div> <\/div><\/div><div  id=\"il-nostro-team\" style=\"background-color: #ffffff;\" data-label=\"Il nostro Team\" data-id=\"team-2\" data-export-id=\"team-2\" data-category=\"team\" class=\"team-2 content-section content-section-spacing\"><div  class=\"gridContainer\"> <div  class=\"row text-center\"><div  class=\"section-title-col\" data-type=\"column\"> <h2  class=\"\">Il nostro Team<\/h2> <p  class=\"lead\">La nostra squadra \u00e8 composta da professionisti seri, competenti e costantemente aggiornati su tutte le novit\u00e0 del settore. Umanit\u00e0 e dedizione sono le parole chiave che guidano i nostri collaboratori.<\/p><\/div> <\/div> <div  class=\"row spaced-cols content-center-sm\" data-type=\"row\"> <div  class=\"col-sm-6 col-md-4 \"> <div  class=\"card y-move no-padding bordered\">  <div  data-type=\"column\" class=\"col-padding-small col-padding-small-xs description-container\"> <h4  class=\"font-500\">ELENA<\/h4> <p  class=\"small\" style=\"font-style: italic;\">MANUTENZIONE E CONTABILIT\u00c0<\/p>  <h6  class=\"\"><span  style=\"font-weight: 300; font-family: &quot;Open Sans&quot;, arial, helvetica, sans-serif; font-style: italic;\">bossa.amm@hotmail.it<\/span><\/h6><div  class=\"social-icons-group\" data-type=\"group\"> <a  href=\"#\" target=\"_self\" data-reiki-hidden=\"true\" rel=\"noopener noreferrer\"><i  class=\"fa icon fa-facebook-square gray\"><\/i><\/a> <a  href=\"#\" target=\"_self\" data-reiki-hidden=\"true\" rel=\"noopener noreferrer\"><i  class=\"fa icon fa-twitter-square gray\"><\/i><\/a> <a  href=\"#\" target=\"_self\" data-reiki-hidden=\"true\" rel=\"noopener noreferrer\"><i  class=\"fa icon fa-linkedin-square gray\"><\/i><\/a> <a  href=\"#\" target=\"_self\" data-reiki-hidden=\"true\" rel=\"noopener noreferrer\"><i  class=\"fa icon fa-google-plus-square gray\"><\/i><\/a><\/div><\/div><\/div> <\/div> <div  class=\"col-sm-6 col-md-4 \"> <div  class=\"card y-move no-padding bordered\">  <div  data-type=\"column\" class=\"col-padding-small col-padding-small-xs description-container\"> <h4  class=\"font-500\">DANIELA<\/h4> <p  class=\"small\" style=\"font-style: italic;\">PRATICHE ASSICURATIVE<\/p>  <h6  class=\"\"><span  style=\"font-weight: 300; font-family: &quot;Open Sans&quot;, arial, helvetica, sans-serif; font-style: italic;\">bossa.amm@hotmail.it<\/span><\/h6><div  class=\"social-icons-group\" data-type=\"group\"> <a  href=\"#\" target=\"_self\" data-reiki-hidden=\"true\" rel=\"noopener noreferrer\"><i  class=\"fa icon fa-facebook-square gray\"><\/i><\/a> <a  href=\"#\" target=\"_self\" data-reiki-hidden=\"true\" rel=\"noopener noreferrer\"><i  class=\"fa icon fa-twitter-square gray\"><\/i><\/a> <a  href=\"#\" target=\"_self\" data-reiki-hidden=\"true\" rel=\"noopener noreferrer\"><i  class=\"fa icon fa-linkedin-square gray\"><\/i><\/a> <a  href=\"#\" target=\"_self\" data-reiki-hidden=\"true\" rel=\"noopener noreferrer\"><i  class=\"fa icon fa-google-plus-square gray\"><\/i><\/a><\/div><\/div><\/div> <\/div> <div  class=\"col-sm-6 col-md-4 \"> <div  class=\"card y-move no-padding bordered\">  <div  data-type=\"column\" class=\"col-padding-small col-padding-small-xs description-container\"> <h4  class=\"font-500\">RAFFAELLA<\/h4> <p  class=\"small\" style=\"font-style: italic;\">RAPPORTI FORNITORI, BANCHE, PAGAMENTI<\/p>  <h6  class=\"\"><span  style=\"font-weight: 300; font-family: &quot;Open Sans&quot;, arial, helvetica, sans-serif; font-style: italic;\">bossa.amm@hotmail.it<\/span><\/h6><div  class=\"social-icons-group\" data-type=\"group\"> <a  href=\"#\" target=\"_self\" data-reiki-hidden=\"true\" rel=\"noopener noreferrer\"><i  class=\"fa icon fa-facebook-square gray\"><\/i><\/a> <a  href=\"#\" target=\"_self\" data-reiki-hidden=\"true\" rel=\"noopener noreferrer\"><i  class=\"fa icon fa-twitter-square gray\"><\/i><\/a> <a  href=\"#\" target=\"_self\" data-reiki-hidden=\"true\" rel=\"noopener noreferrer\"><i  class=\"fa icon fa-linkedin-square gray\"><\/i><\/a> <a  href=\"#\" target=\"_self\" data-reiki-hidden=\"true\" rel=\"noopener noreferrer\"><i  class=\"fa icon fa-google-plus-square gray\"><\/i><\/a><\/div><\/div><\/div> <\/div>     <\/div> <\/div><\/div><div  data-label=\"Contatti\" data-id=\"contact--1\" data-export-id=\"contact-7\" data-category=\"contact\" class=\"contact-7 content-section content-section-spacing white-text\" data-parallax-depth=\"20\" id=\"contatti\" style=\"background-color: rgb(255, 255, 255); background-size: cover; background-image: none; background-position: center top;\" data-section-ov=\"1\"><div  class=\"gridContainer\"> <div  class=\"row text-center\"><div  class=\"col-xs-12\"> <div  class=\"card no-padding\"><div  class=\"row\"> <div  class=\"col-xs-12 col-sm-6 contact-form-wrapper inline-info shadow-medium\"><h2  class=\"text-center font-300 color-black\">Contattaci<\/h2> <div  class=\"\" data-content-shortcode=\"mesmerize_contact_form shortcode=&quot;contact-form-7 id=&amp;amp;quot;8&amp;amp;quot; title=&amp;amp;quot;Modulo di contatto 1&amp;amp;quot;&quot;\" data-editable=\"true\"><div role=\"form\" class=\"wpcf7\" id=\"wpcf7-f8-o1\" lang=\"it-IT\" dir=\"ltr\">\n<div class=\"screen-reader-response\"><\/div>\n<form action=\"\/index.php?rest_route=%2Fwp%2Fv2%2Fpages%2F6#wpcf7-f8-o1\" method=\"post\" class=\"wpcf7-form\" novalidate=\"novalidate\">\n<div style=\"display: none;\">\n<input type=\"hidden\" name=\"_wpcf7\" value=\"8\" \/>\n<input type=\"hidden\" name=\"_wpcf7_version\" value=\"5.1.4\" \/>\n<input type=\"hidden\" name=\"_wpcf7_locale\" value=\"it_IT\" \/>\n<input type=\"hidden\" name=\"_wpcf7_unit_tag\" value=\"wpcf7-f8-o1\" \/>\n<input type=\"hidden\" name=\"_wpcf7_container_post\" value=\"0\" \/>\n<\/div>\n<p><label> Nome *<br \/>\n    <span class=\"wpcf7-form-control-wrap your-name\"><input type=\"text\" name=\"your-name\" value=\"\" size=\"40\" class=\"wpcf7-form-control wpcf7-text wpcf7-validates-as-required\" aria-required=\"true\" aria-invalid=\"false\" \/><\/span> <\/label><\/p>\n<p><label> E-mail *<br \/>\n    <span class=\"wpcf7-form-control-wrap your-email\"><input type=\"text\" name=\"your-email\" value=\"\" size=\"40\" class=\"wpcf7-form-control wpcf7-text wpcf7-validates-as-required\" aria-required=\"true\" aria-invalid=\"false\" \/><\/span> <\/label><\/p>\n<p><label> oggetto *<br \/>\n    <span class=\"wpcf7-form-control-wrap your-subject\"><input type=\"email\" name=\"your-subject\" value=\"\" size=\"40\" class=\"wpcf7-form-control wpcf7-text wpcf7-email wpcf7-validates-as-required wpcf7-validates-as-email\" aria-required=\"true\" aria-invalid=\"false\" \/><\/span> <\/label><\/p>\n<p><label> inserisci il tuo messaggio<br \/>\n    <span class=\"wpcf7-form-control-wrap your-message\"><textarea name=\"your-message\" cols=\"40\" rows=\"10\" class=\"wpcf7-form-control wpcf7-textarea\" aria-invalid=\"false\"><\/textarea><\/span> <\/label><\/p>\n<p><span class=\"wpcf7-form-control-wrap your-consent\"><span class=\"wpcf7-form-control wpcf7-acceptance\"><span class=\"wpcf7-list-item\"><label><input type=\"checkbox\" name=\"your-consent\" value=\"1\" aria-invalid=\"false\" \/><span class=\"wpcf7-list-item-label\"><span style=\"font-size:0.9em;\">Ho preso visione dell'informativa in materia di <a href=\"https:\/\/studioamministrativobossa.it\/?page_id=3&preview=true\">trattamento dei dati personali<\/a><\/span><\/span><\/label><\/span><\/span><\/span><\/p>\n<p><span style=\"font-size:0.9em; color:#333;\">(* campo obbligatorio)<\/span><\/p>\n<p><input type=\"submit\" value=\"INVIA\" class=\"wpcf7-form-control wpcf7-submit\" \/><\/p>\n<div class=\"wpcf7-response-output wpcf7-display-none\"><\/div><\/form><\/div><\/div><\/div> <div  class=\"col-xs-12 col-sm-6 map-col\"><div  data-content-shortcode=\"mesmerize_maps address=&quot;via Bartolomeo Sestini, 16 Milano&quot; zoom=&quot;65&quot;\" data-editable=\"true\" class=\"map-wrapper\"><iframe class=\"mesmerize-google-maps mesmerize-frame-map\" src=\"https:\/\/maps.google.com\/maps?q=via Bartolomeo Sestini, 16 Milano&amp;z=14&amp;t=m&amp;output=embed&amp;iwloc=near\"><\/iframe><\/div><\/div> <\/div><\/div> <\/div><\/div> <\/div><\/div>","protected":false},"excerpt":{"rendered":"<p>CHI SIAMO STUDIO ING. BOSSA Lo Studio Bossa vanta un\u2019esperienza trentennale nel settore dell\u2019amministrazione condominiale. Partito come piccola realt\u00e0, grazie al \u201cpassaparola\u201d ed ai risultati, lo Studio gestisce con successo pi\u00f9 di trenta condom\u00ecni. Oltre alla massima disponibilit\u00e0 verso cond\u00f2mini e consiglieri, lo Studio si distingue per una presenza costante dell\u2019amministratore, il quale effettua in&hellip; <br \/> <a class=\"read-more\" href=\"https:\/\/studioamministrativobossa.it\/\">Read more<\/a><\/p>\n","protected":false},"author":1,"featured_media":0,"parent":0,"menu_order":0,"comment_status":"closed","ping_status":"closed","template":"page-templates\/homepage.php","meta":{"footnotes":""},"class_list":["post-6","page","type-page","status-publish","hentry"],"_links":{"self":[{"href":"https:\/\/studioamministrativobossa.it\/index.php?rest_route=\/wp\/v2\/pages\/6","targetHints":{"allow":["GET"]}}],"collection":[{"href":"https:\/\/studioamministrativobossa.it\/index.php?rest_route=\/wp\/v2\/pages"}],"about":[{"href":"https:\/\/studioamministrativobossa.it\/index.php?rest_route=\/wp\/v2\/types\/page"}],"author":[{"embeddable":true,"href":"https:\/\/studioamministrativobossa.it\/index.php?rest_route=\/wp\/v2\/users\/1"}],"replies":[{"embeddable":true,"href":"https:\/\/studioamministrativobossa.it\/index.php?rest_route=%2Fwp%2Fv2%2Fcomments&post=6"}],"version-history":[{"count":33,"href":"https:\/\/studioamministrativobossa.it\/index.php?rest_route=\/wp\/v2\/pages\/6\/revisions"}],"predecessor-version":[{"id":228,"href":"https:\/\/studioamministrativobossa.it\/index.php?rest_route=\/wp\/v2\/pages\/6\/revisions\/228"}],"wp:attachment":[{"href":"https:\/\/studioamministrativobossa.it\/index.php?rest_route=%2Fwp%2Fv2%2Fmedia&parent=6"}],"curies":[{"name":"wp","href":"https:\/\/api.w.org\/{rel}","templated":true}]}}